{"id":156,"date":"2025-09-19T20:08:12","date_gmt":"2025-09-19T18:08:12","guid":{"rendered":"https:\/\/lejournalpes.fr\/?page_id=156"},"modified":"2025-10-13T15:12:28","modified_gmt":"2025-10-13T13:12:28","slug":"sabonner","status":"publish","type":"page","link":"https:\/\/lejournalpes.fr\/index.php\/sabonner\/","title":{"rendered":"S&rsquo;abonner"},"content":{"rendered":"\n<p>Pour vous abonner et recevoir nos notifications, merci de renseigner dans la section commentaires ci-dessous une adresse mail pr\u00e9c\u00e9d\u00e9e de vos noms et pr\u00e9noms d&rsquo;usage. <\/p>\n\n\n\n<p>Vous pouvrez aussi \u00e9crire un commentaire !<\/p>\n\n\n\t<div id=\"respond\" class=\"comment-respond wp-block-post-comments-form\">\n\t\t<h3 id=\"reply-title\" class=\"comment-reply-title\">Laisser un commentaire <small><a rel=\"nofollow\" id=\"cancel-comment-reply-link\" href=\"\/index.php\/wp-json\/wp\/v2\/pages\/156#respond\" style=\"display:none;\">Annuler la r\u00e9ponse<\/a><\/small><\/h3><form action=\"https:\/\/lejournalpes.fr\/wp-comments-post.php\" method=\"post\" id=\"commentform\" class=\"comment-form\"><p class=\"comment-notes\"><span id=\"email-notes\">Votre adresse e-mail ne sera pas publi\u00e9e.<\/span> <span class=\"required-field-message\">Les champs obligatoires sont indiqu\u00e9s avec <span class=\"required\">*<\/span><\/span><\/p><p class=\"comment-form-comment\"><label for=\"comment\">Commentaire <span class=\"required\">*<\/span><\/label> <textarea id=\"comment\" name=\"comment\" cols=\"45\" rows=\"8\" maxlength=\"65525\" required><\/textarea><\/p><p class=\"comment-form-author\"><label for=\"author\">Nom <span class=\"required\">*<\/span><\/label> <input id=\"author\" name=\"author\" type=\"text\" value=\"\" size=\"30\" maxlength=\"245\" autocomplete=\"name\" required \/><\/p>\n<p class=\"comment-form-email\"><label for=\"email\">E-mail <span class=\"required\">*<\/span><\/label> <input id=\"email\" name=\"email\" type=\"email\" value=\"\" size=\"30\" maxlength=\"100\" aria-describedby=\"email-notes\" autocomplete=\"email\" required \/><\/p>\n<p class=\"comment-form-url\"><label for=\"url\">Site web<\/label> <input id=\"url\" name=\"url\" type=\"url\" value=\"\" size=\"30\" maxlength=\"200\" autocomplete=\"url\" \/><\/p>\n<p class=\"comment-form-cookies-consent\"><input id=\"wp-comment-cookies-consent\" name=\"wp-comment-cookies-consent\" type=\"checkbox\" value=\"yes\" \/> <label for=\"wp-comment-cookies-consent\">Enregistrer mon nom, mon e-mail et mon site dans le navigateur pour mon prochain commentaire.<\/label><\/p>\n<p class=\"form-submit wp-block-button\"><input name=\"submit\" type=\"submit\" id=\"submit\" class=\"wp-block-button__link wp-element-button\" value=\"Laisser un commentaire\" \/> <input type='hidden' name='comment_post_ID' value='156' id='comment_post_ID' \/>\n<input type='hidden' name='comment_parent' id='comment_parent' value='0' \/>\n<\/p><p style=\"display: none !important;\" class=\"akismet-fields-container\" data-prefix=\"ak_\"><label>&#916;<textarea name=\"ak_hp_textarea\" cols=\"45\" rows=\"8\" maxlength=\"100\"><\/textarea><\/label><input type=\"hidden\" id=\"ak_js_1\" name=\"ak_js\" value=\"211\"\/><script>document.getElementById( \"ak_js_1\" ).setAttribute( \"value\", ( new Date() ).getTime() );<\/script><\/p><\/form>\t<\/div><!-- #respond -->\n\t","protected":false},"excerpt":{"rendered":"<p>Pour vous abonner et recevoir nos notifications, merci de renseigner dans la section commentaires ci-dessous une adresse mail pr\u00e9c\u00e9d\u00e9e de vos noms et pr\u00e9noms d&rsquo;usage. Vous pouvrez aussi \u00e9crire un commentaire !<\/p>\n","protected":false},"author":1,"featured_media":0,"parent":0,"menu_order":0,"comment_status":"open","ping_status":"closed","template":"","meta":{"footnotes":""},"class_list":["post-156","page","type-page","status-publish","hentry"],"_links":{"self":[{"href":"https:\/\/lejournalpes.fr\/index.php\/wp-json\/wp\/v2\/pages\/156","targetHints":{"allow":["GET"]}}],"collection":[{"href":"https:\/\/lejournalpes.fr\/index.php\/wp-json\/wp\/v2\/pages"}],"about":[{"href":"https:\/\/lejournalpes.fr\/index.php\/wp-json\/wp\/v2\/types\/page"}],"author":[{"embeddable":true,"href":"https:\/\/lejournalpes.fr\/index.php\/wp-json\/wp\/v2\/users\/1"}],"replies":[{"embeddable":true,"href":"https:\/\/lejournalpes.fr\/index.php\/wp-json\/wp\/v2\/comments?post=156"}],"version-history":[{"count":3,"href":"https:\/\/lejournalpes.fr\/index.php\/wp-json\/wp\/v2\/pages\/156\/revisions"}],"predecessor-version":[{"id":162,"href":"https:\/\/lejournalpes.fr\/index.php\/wp-json\/wp\/v2\/pages\/156\/revisions\/162"}],"wp:attachment":[{"href":"https:\/\/lejournalpes.fr\/index.php\/wp-json\/wp\/v2\/media?parent=156"}],"curies":[{"name":"wp","href":"https:\/\/api.w.org\/{rel}","templated":true}]}}