{"id":112,"date":"2025-10-13T15:11:25","date_gmt":"2025-10-13T13:11:25","guid":{"rendered":"http:\/\/lejournalpes.fr\/?page_id=112"},"modified":"2025-11-02T15:54:06","modified_gmt":"2025-11-02T14:54:06","slug":"accueil","status":"publish","type":"page","link":"https:\/\/lejournalpes.fr\/index.php\/accueil\/","title":{"rendered":"accueil"},"content":{"rendered":"\n<p><br>Retrouvez toutes nos publications<a href=\"http:\/\/lejournalpes.fr\/index.php\/accueil\/\"> <\/a><a href=\"http:\/\/lejournalpes.fr\/index.php\/nos-videos\/\">ici<\/a><\/p>\n\n\n\n<p><br>https:\/\/www.youtube.com\/watch?v=VbJsPFRcsUg<br>Teaser pour le Journ&rsquo;Alpes<br><br>\u00ab&nbsp;Qu\u2019est-ce que Le Journ&rsquo;Alpes&nbsp;?&nbsp;\u00bb<br>C\u2019est un journal d\u2019informations sur l\u2019actualit\u00e9 en Savoie, propos\u00e9 par un collectif de personnes b\u00e9n\u00e9voles de la r\u00e9gion Rh\u00f4ne-Alpes qui s\u2019est r\u00e9uni pour construire un m\u00e9dia d\u2019informations ind\u00e9pendant et local.<br>Le Journ\u2018Alpes est un moyen de transmettre des informations et de s\u2019informer.<br>Nous sommes convaincus que l\u2019information contribue \u00e0 la r\u00e9flexion, \u00e0 susciter des questions et permet de construire des solutions. Pr\u00e9occup\u00e9-e-s par l\u2019avenir de la plan\u00e8te et de notre soci\u00e9t\u00e9, nous n<a href=\"https:\/\/lejournalpes.fr\/index.php\/nos-videos\/\" data-type=\"page\" data-id=\"18\">NOS VIDEOS<\/a>ous engageons avec \u00ab Le Journ\u2019Alpes \u00bb \u00e0 promouvoir la vie d\u00e9mocratique dans notre r\u00e9gion, indissociable de la libert\u00e9 d\u2019expression et des principes fondamentaux.<br>Nous sommes persuad\u00e9-e-s que la diversit\u00e9 est source de compl\u00e9mentarit\u00e9 et non d\u2019exclusion, que les divergences doivent servir le d\u00e9bat et que l\u2019information ne peut cohabiter avec l\u2019uniformit\u00e9 ni avec l\u2019uniforme.<br><br><br><br><\/p>\n","protected":false},"excerpt":{"rendered":"<p>Retrouvez toutes nos publications ici https:\/\/www.youtube.com\/watch?v=VbJsPFRcsUgTeaser pour le Journ&rsquo;Alpes \u00ab&nbsp;Qu\u2019est-ce que Le Journ&rsquo;Alpes&nbsp;?&nbsp;\u00bbC\u2019est un journal d\u2019informations sur l\u2019actualit\u00e9 en Savoie, propos\u00e9 par un collectif de personnes b\u00e9n\u00e9voles de la r\u00e9gion Rh\u00f4ne-Alpes qui s\u2019est r\u00e9uni pour construire un m\u00e9dia d\u2019informations ind\u00e9pendant et local.Le Journ\u2018Alpes est un moyen de transmettre des informations et de s\u2019informer.Nous sommes convaincus [&hellip;]<\/p>\n","protected":false},"author":1,"featured_media":0,"parent":0,"menu_order":0,"comment_status":"closed","ping_status":"closed","template":"","meta":{"footnotes":""},"class_list":["post-112","page","type-page","status-publish","hentry"],"_links":{"self":[{"href":"https:\/\/lejournalpes.fr\/index.php\/wp-json\/wp\/v2\/pages\/112","targetHints":{"allow":["GET"]}}],"collection":[{"href":"https:\/\/lejournalpes.fr\/index.php\/wp-json\/wp\/v2\/pages"}],"about":[{"href":"https:\/\/lejournalpes.fr\/index.php\/wp-json\/wp\/v2\/types\/page"}],"author":[{"embeddable":true,"href":"https:\/\/lejournalpes.fr\/index.php\/wp-json\/wp\/v2\/users\/1"}],"replies":[{"embeddable":true,"href":"https:\/\/lejournalpes.fr\/index.php\/wp-json\/wp\/v2\/comments?post=112"}],"version-history":[{"count":3,"href":"https:\/\/lejournalpes.fr\/index.php\/wp-json\/wp\/v2\/pages\/112\/revisions"}],"predecessor-version":[{"id":182,"href":"https:\/\/lejournalpes.fr\/index.php\/wp-json\/wp\/v2\/pages\/112\/revisions\/182"}],"wp:attachment":[{"href":"https:\/\/lejournalpes.fr\/index.php\/wp-json\/wp\/v2\/media?parent=112"}],"curies":[{"name":"wp","href":"https:\/\/api.w.org\/{rel}","templated":true}]}}